{"id":3902,"date":"2024-04-08T05:30:30","date_gmt":"2024-04-08T05:30:30","guid":{"rendered":"https:\/\/v2.socialkillers.com\/mentions-legales\/"},"modified":"2025-07-02T08:40:50","modified_gmt":"2025-07-02T08:40:50","slug":"mentions-legales","status":"publish","type":"page","link":"https:\/\/www.socialkillers.com\/fr\/mentions-legales\/","title":{"rendered":"Mentions l\u00e9gales"},"content":{"rendered":"\n<div class=\"wp-block-montoya-gutenberg-container content-row light-section normal row_padding_top row_padding_bottom\" data-bgcolor=\"#ffffff\" style=\"text-align:left\">\n<p><\/p>\n\n\n\n<p>Conform\u00e9ment aux dispositions des articles 6-III et 19 de la Loi n\u00b02004-575 du 21 juin 2004 pour la Confiance dans l&rsquo;\u00c9conomie Num\u00e9rique (LCEN), il est port\u00e9 \u00e0 la connaissance des utilisateurs et visiteurs du site<a href=\"http:\/\/www.socialkillers.fr\"> <\/a><a href=\"http:\/\/www.socialkillers.com\">www.socialkillers.com<\/a> les pr\u00e9sentes mentions l\u00e9gales.<br\/><\/p>\n\n\n\n<h3 class=\"wp-block-heading has-large-font-size\"><strong>\u00c9diteur du site<\/strong><\/h3>\n\n\n\n<p>Le site<a href=\"http:\/\/www.socialkillers.fr\"> <\/a><a href=\"http:\/\/www.socialkillers.com\">www.socialkillers.com<\/a> est \u00e9dit\u00e9 par :<\/p>\n\n\n\n<p><strong>Social Killers<br\/><\/strong>Soci\u00e9t\u00e9 de marketing digital<br\/>Si\u00e8ge social : 128 rue de la Bo\u00e9tie, 75008 Paris, France<br\/>Email : hello@socialkillers.com<br\/>Num\u00e9ro SIRET : 89085811100010<br\/><\/p>\n\n\n\n<p><strong>H\u00e9bergement du site<\/strong><\/p>\n\n\n\n<p>Le site est h\u00e9berg\u00e9 par :<br\/> Ionos<strong><br\/> 7 PLACE DE LA GARE,<\/strong> <br\/>57200 SARREGUEMINES<br\/>T\u00e9l\u00e9phone : +33 970 808 911<br\/>Site web : https:\/\/www.ionos.fr<\/p>\n\n\n\n<h3 class=\"wp-block-heading has-large-font-size\"><br\/><strong>Propri\u00e9t\u00e9 intellectuelle<\/strong><\/h3>\n\n\n\n<p>L&rsquo;ensemble du contenu du site (textes, images, illustrations, vid\u00e9os, graphismes, logos, ic\u00f4nes, etc.) est la propri\u00e9t\u00e9 exclusive de <strong>Social Killers<\/strong>, sauf mention contraire.<br\/>Toute reproduction, distribution, modification, adaptation, retransmission ou publication, m\u00eame partielle, de ces diff\u00e9rents \u00e9l\u00e9ments est strictement interdite sans l&rsquo;accord \u00e9crit pr\u00e9alable de <strong>Social Killers<\/strong>.<\/p>\n\n\n\n<h3 class=\"wp-block-heading has-large-font-size\"><br\/><strong>Protection des donn\u00e9es personnelles<\/strong><\/h3>\n\n\n\n<p>Les informations recueillies via les formulaires du site sont enregistr\u00e9es dans un fichier informatis\u00e9 par <strong>Social Killers<\/strong> dans le but de r\u00e9pondre aux demandes et d&rsquo;assurer la gestion commerciale.<br\/>Elles sont conserv\u00e9es pendant une dur\u00e9e maximale de 3 ans et sont destin\u00e9es aux \u00e9quipes internes.<\/p>\n\n\n\n<p>Conform\u00e9ment \u00e0 la loi Informatique et Libert\u00e9s (n\u00b078-17 du 6 janvier 1978 modifi\u00e9e) et au RGPD, vous pouvez exercer vos droits d&rsquo;acc\u00e8s, de rectification, d&rsquo;opposition, de suppression ou de portabilit\u00e9 de vos donn\u00e9es en nous contactant \u00e0 :<br\/><strong>dpo@socialkillers.fr<\/strong> ou par courrier \u00e0 l&rsquo;adresse du si\u00e8ge.<\/p>\n\n\n\n<h3 class=\"wp-block-heading has-large-font-size\"><br\/><strong>Cookies<\/strong><\/h3>\n\n\n\n<p>Le site peut \u00eatre amen\u00e9 \u00e0 utiliser des cookies afin d&rsquo;am\u00e9liorer l&rsquo;exp\u00e9rience utilisateur, r\u00e9aliser des statistiques de navigation et permettre le partage sur les r\u00e9seaux sociaux.<br\/>Vous pouvez \u00e0 tout moment modifier vos pr\u00e9f\u00e9rences de cookies via le bandeau pr\u00e9vu \u00e0 cet effet.<\/p>\n\n\n\n<h3 class=\"wp-block-heading has-large-font-size\"><br\/><strong>Responsabilit\u00e9<\/strong><\/h3>\n\n\n\n<p>Social Killers s&rsquo;efforce d&rsquo;assurer l&rsquo;exactitude et la mise \u00e0 jour des informations diffus\u00e9es sur ce site, mais ne saurait \u00eatre tenu responsable d&rsquo;\u00e9ventuelles erreurs ou omissions.<br\/>L&rsquo;utilisateur est seul responsable de l&rsquo;usage qu&rsquo;il fait des contenus disponibles sur le site.<\/p>\n<\/div>\n","protected":false},"excerpt":{"rendered":"","protected":false},"author":1,"featured_media":0,"parent":0,"menu_order":0,"comment_status":"closed","ping_status":"closed","template":"","meta":{"_acf_changed":false,"footnotes":""},"class_list":["post-3902","page","type-page","status-publish","hentry"],"acf":[],"yoast_head":"<!-- This site is optimized with the Yoast SEO plugin v25.4 - https:\/\/yoast.com\/wordpress\/plugins\/seo\/ -->\n<title>Mentions l\u00e9gales - Social Killers<\/title>\n<meta name=\"robots\" content=\"index, follow, max-snippet:-1, max-image-preview:large, max-video-preview:-1\" \/>\n<link rel=\"canonical\" href=\"https:\/\/www.socialkillers.com\/fr\/mentions-legales\/\" \/>\n<meta property=\"og:locale\" content=\"fr_FR\" \/>\n<meta property=\"og:type\" content=\"article\" \/>\n<meta property=\"og:title\" content=\"Mentions l\u00e9gales - Social Killers\" \/>\n<meta property=\"og:url\" content=\"https:\/\/www.socialkillers.com\/fr\/mentions-legales\/\" \/>\n<meta property=\"og:site_name\" content=\"Social Killers\" \/>\n<meta property=\"article:modified_time\" content=\"2025-07-02T08:40:50+00:00\" \/>\n<meta name=\"twitter:card\" content=\"summary_large_image\" \/>\n<meta name=\"twitter:label1\" content=\"Dur\u00e9e de lecture estim\u00e9e\" \/>\n\t<meta name=\"twitter:data1\" content=\"2 minutes\" \/>\n<script type=\"application\/ld+json\" class=\"yoast-schema-graph\">{\"@context\":\"https:\/\/schema.org\",\"@graph\":[{\"@type\":\"WebPage\",\"@id\":\"https:\/\/www.socialkillers.com\/fr\/mentions-legales\/\",\"url\":\"https:\/\/www.socialkillers.com\/fr\/mentions-legales\/\",\"name\":\"Mentions l\u00e9gales - Social Killers\",\"isPartOf\":{\"@id\":\"https:\/\/www.socialkillers.com\/fr\/#website\"},\"datePublished\":\"2024-04-08T05:30:30+00:00\",\"dateModified\":\"2025-07-02T08:40:50+00:00\",\"breadcrumb\":{\"@id\":\"https:\/\/www.socialkillers.com\/fr\/mentions-legales\/#breadcrumb\"},\"inLanguage\":\"fr-FR\",\"potentialAction\":[{\"@type\":\"ReadAction\",\"target\":[\"https:\/\/www.socialkillers.com\/fr\/mentions-legales\/\"]}]},{\"@type\":\"BreadcrumbList\",\"@id\":\"https:\/\/www.socialkillers.com\/fr\/mentions-legales\/#breadcrumb\",\"itemListElement\":[{\"@type\":\"ListItem\",\"position\":1,\"name\":\"Accueil\",\"item\":\"https:\/\/www.socialkillers.com\/fr\/\"},{\"@type\":\"ListItem\",\"position\":2,\"name\":\"Mentions l\u00e9gales\"}]},{\"@type\":\"WebSite\",\"@id\":\"https:\/\/www.socialkillers.com\/fr\/#website\",\"url\":\"https:\/\/www.socialkillers.com\/fr\/\",\"name\":\"Social Killers\",\"description\":\"\",\"potentialAction\":[{\"@type\":\"SearchAction\",\"target\":{\"@type\":\"EntryPoint\",\"urlTemplate\":\"https:\/\/www.socialkillers.com\/fr\/?s={search_term_string}\"},\"query-input\":{\"@type\":\"PropertyValueSpecification\",\"valueRequired\":true,\"valueName\":\"search_term_string\"}}],\"inLanguage\":\"fr-FR\"}]}<\/script>\n<!-- \/ Yoast SEO plugin. -->","yoast_head_json":{"title":"Mentions l\u00e9gales - Social Killers","robots":{"index":"index","follow":"follow","max-snippet":"max-snippet:-1","max-image-preview":"max-image-preview:large","max-video-preview":"max-video-preview:-1"},"canonical":"https:\/\/www.socialkillers.com\/fr\/mentions-legales\/","og_locale":"fr_FR","og_type":"article","og_title":"Mentions l\u00e9gales - Social Killers","og_url":"https:\/\/www.socialkillers.com\/fr\/mentions-legales\/","og_site_name":"Social Killers","article_modified_time":"2025-07-02T08:40:50+00:00","twitter_card":"summary_large_image","twitter_misc":{"Dur\u00e9e de lecture estim\u00e9e":"2 minutes"},"schema":{"@context":"https:\/\/schema.org","@graph":[{"@type":"WebPage","@id":"https:\/\/www.socialkillers.com\/fr\/mentions-legales\/","url":"https:\/\/www.socialkillers.com\/fr\/mentions-legales\/","name":"Mentions l\u00e9gales - Social Killers","isPartOf":{"@id":"https:\/\/www.socialkillers.com\/fr\/#website"},"datePublished":"2024-04-08T05:30:30+00:00","dateModified":"2025-07-02T08:40:50+00:00","breadcrumb":{"@id":"https:\/\/www.socialkillers.com\/fr\/mentions-legales\/#breadcrumb"},"inLanguage":"fr-FR","potentialAction":[{"@type":"ReadAction","target":["https:\/\/www.socialkillers.com\/fr\/mentions-legales\/"]}]},{"@type":"BreadcrumbList","@id":"https:\/\/www.socialkillers.com\/fr\/mentions-legales\/#breadcrumb","itemListElement":[{"@type":"ListItem","position":1,"name":"Accueil","item":"https:\/\/www.socialkillers.com\/fr\/"},{"@type":"ListItem","position":2,"name":"Mentions l\u00e9gales"}]},{"@type":"WebSite","@id":"https:\/\/www.socialkillers.com\/fr\/#website","url":"https:\/\/www.socialkillers.com\/fr\/","name":"Social Killers","description":"","potentialAction":[{"@type":"SearchAction","target":{"@type":"EntryPoint","urlTemplate":"https:\/\/www.socialkillers.com\/fr\/?s={search_term_string}"},"query-input":{"@type":"PropertyValueSpecification","valueRequired":true,"valueName":"search_term_string"}}],"inLanguage":"fr-FR"}]}},"_links":{"self":[{"href":"https:\/\/www.socialkillers.com\/fr\/wp-json\/wp\/v2\/pages\/3902","targetHints":{"allow":["GET"]}}],"collection":[{"href":"https:\/\/www.socialkillers.com\/fr\/wp-json\/wp\/v2\/pages"}],"about":[{"href":"https:\/\/www.socialkillers.com\/fr\/wp-json\/wp\/v2\/types\/page"}],"author":[{"embeddable":true,"href":"https:\/\/www.socialkillers.com\/fr\/wp-json\/wp\/v2\/users\/1"}],"replies":[{"embeddable":true,"href":"https:\/\/www.socialkillers.com\/fr\/wp-json\/wp\/v2\/comments?post=3902"}],"version-history":[{"count":1,"href":"https:\/\/www.socialkillers.com\/fr\/wp-json\/wp\/v2\/pages\/3902\/revisions"}],"predecessor-version":[{"id":3903,"href":"https:\/\/www.socialkillers.com\/fr\/wp-json\/wp\/v2\/pages\/3902\/revisions\/3903"}],"wp:attachment":[{"href":"https:\/\/www.socialkillers.com\/fr\/wp-json\/wp\/v2\/media?parent=3902"}],"curies":[{"name":"wp","href":"https:\/\/api.w.org\/{rel}","templated":true}]}}